{"id":676,"date":"2023-07-19T13:01:51","date_gmt":"2023-07-19T12:01:51","guid":{"rendered":"https:\/\/www.philip-payne.art\/collection-40-40-sous-bois\/"},"modified":"2023-08-21T12:09:20","modified_gmt":"2023-08-21T11:09:20","slug":"collection-40-40-sous-bois","status":"publish","type":"page","link":"https:\/\/www.philip-payne.art\/en\/collection-40-40-sous-bois\/","title":{"rendered":"Collection 40-40 Sous-Bois"},"content":{"rendered":"<p>[et_pb_section fb_built=&#8221;1&#8243; _builder_version=&#8221;4.21.0&#8243; _module_preset=&#8221;default&#8221; global_colors_info=&#8221;{}&#8221;][et_pb_row _builder_version=&#8221;4.21.0&#8243; _module_preset=&#8221;default&#8221; global_colors_info=&#8221;{}&#8221;][et_pb_column type=&#8221;4_4&#8243; _builder_version=&#8221;4.21.0&#8243; _module_preset=&#8221;default&#8221; global_colors_info=&#8221;{}&#8221;][et_pb_text _builder_version=&#8221;4.21.0&#8243; _module_preset=&#8221;default&#8221; global_colors_info=&#8221;{}&#8221;]<\/p>\n<h2 style=\"text-align: center;\">Collection Sous Bois, s\u00e9rie 40x40cm. <br \/>\u00c9dition limit\u00e9e, 10 photos,\u00a0 25 exemplaires.<\/h2>\n<p>[\/et_pb_text][et_pb_gallery gallery_ids=&#8221;38,58,47,59,49,48,50,53,52,60,51,55,56,57,54&#8243; posts_number=&#8221;15&#8243; show_pagination=&#8221;off&#8221; _builder_version=&#8221;4.22.1&#8243; _module_preset=&#8221;default&#8221; width=&#8221;100%&#8221; max_width=&#8221;100%&#8221; module_alignment=&#8221;center&#8221; height=&#8221;1000px&#8221; max_height=&#8221;1000px&#8221; custom_margin=&#8221;||||false|false&#8221; custom_padding=&#8221;||||false|false&#8221; hover_enabled=&#8221;0&#8243; border_color_all=&#8221;RGBA(255,255,255,0)&#8221; global_colors_info=&#8221;{}&#8221; zoom_icon_color=&#8221;#EDF000&#8243; hover_overlay_color=&#8221;RGBA(255,255,255,0)&#8221; sticky_enabled=&#8221;0&#8243;][\/et_pb_gallery][\/et_pb_column][\/et_pb_row][\/et_pb_section]<\/p>\n","protected":false},"excerpt":{"rendered":"<p>Collection Sous Bois, s\u00e9rie 40x40cm. \u00c9dition limit\u00e9e, 10 photos,\u00a0 25 exemplaires.<\/p>\n","protected":false},"author":1,"featured_media":0,"parent":0,"menu_order":0,"comment_status":"closed","ping_status":"closed","template":"","meta":{"_et_pb_use_builder":"on","_et_pb_old_content":"","_et_gb_content_width":"","footnotes":""},"class_list":["post-676","page","type-page","status-publish","hentry"],"_links":{"self":[{"href":"https:\/\/www.philip-payne.art\/en\/wp-json\/wp\/v2\/pages\/676","targetHints":{"allow":["GET"]}}],"collection":[{"href":"https:\/\/www.philip-payne.art\/en\/wp-json\/wp\/v2\/pages"}],"about":[{"href":"https:\/\/www.philip-payne.art\/en\/wp-json\/wp\/v2\/types\/page"}],"author":[{"embeddable":true,"href":"https:\/\/www.philip-payne.art\/en\/wp-json\/wp\/v2\/users\/1"}],"replies":[{"embeddable":true,"href":"https:\/\/www.philip-payne.art\/en\/wp-json\/wp\/v2\/comments?post=676"}],"version-history":[{"count":3,"href":"https:\/\/www.philip-payne.art\/en\/wp-json\/wp\/v2\/pages\/676\/revisions"}],"predecessor-version":[{"id":946,"href":"https:\/\/www.philip-payne.art\/en\/wp-json\/wp\/v2\/pages\/676\/revisions\/946"}],"wp:attachment":[{"href":"https:\/\/www.philip-payne.art\/en\/wp-json\/wp\/v2\/media?parent=676"}],"curies":[{"name":"wp","href":"https:\/\/api.w.org\/{rel}","templated":true}]}}